{"id":8,"date":"2005-04-26T23:48:14","date_gmt":"2005-04-26T21:48:14","guid":{"rendered":"http:\/\/hamburg-hram.de\/de\/?page_id=8"},"modified":"2022-02-28T22:24:23","modified_gmt":"2022-02-28T20:24:23","slug":"gottesdienste","status":"publish","type":"page","link":"https:\/\/www.hamburg-hram.de\/de\/gottesdienste","title":{"rendered":"Gottesdienste"},"content":{"rendered":"\n<p><strong>GOTTESDIENSTE\u00a0 IM\u00a0 M\u00c4RZ<\/strong><\/p>\n\n\n\n<p><strong>2. Mittwoch<\/strong>&nbsp; &nbsp; &nbsp; &nbsp; &nbsp; &nbsp; <strong><\/strong><strong>17:00 <\/strong>Akafist zum hl. Johannes von Kronstadt<\/p>\n\n\n\n<p><strong>3. Donnerstag<\/strong> &nbsp; &nbsp; &nbsp; &nbsp; &nbsp; &nbsp; <strong>09:30<\/strong> G\u00f6ttliche Liturgie<\/p>\n\n\n\n<p><strong>5. Sonnabend<\/strong> <strong>9:00 <\/strong>G\u00f6ttliche Liturgie, Panichida in der Holzkapelle&nbsp;<\/p>\n\n\n\n<p><strong>09:00<\/strong> G\u00f6ttliche Liturgie&nbsp; Panichida &nbsp; &nbsp; &nbsp; &nbsp; &nbsp; &nbsp; &nbsp; <strong>17:00<\/strong> Nachtwache&nbsp;<\/p>\n\n\n\n<p><strong>6. Sonntag<\/strong> &nbsp; &nbsp; <strong>07:30<\/strong> Liturgie &nbsp; &nbsp; <strong>10:00 <\/strong>Liturgie* <strong>Sonntag der Vergebung<\/strong><\/p>\n\n\n\n<p><strong>7. Montag<\/strong><strong><\/strong> <strong>Beginn der Gro\u00dfen Fastenzeit<\/strong><\/p>\n\n\n\n<p><strong>7., 8., 9.,<\/strong><strong> <\/strong><strong>18:30 Gro\u00dfer Bu\u00dfkanon des Hl. Andreas&nbsp; von Kreta<\/strong><\/p>\n\n\n\n<p><strong>9. Mittwoch<\/strong> <strong>9:00<\/strong> <strong>Liturgie der Vorgeweihten Gaben<\/strong><\/p>\n\n\n\n<p><strong>10. Donnerstag<\/strong><strong> <\/strong><strong>18:30 Gro\u00dfer Bu\u00dfkanon des Hl. Andreas von Kreta,&nbsp;<\/strong><\/p>\n\n\n\n<p><strong>gelesen von Erzbischof&nbsp; Tichon<\/strong><\/p>\n\n\n\n<p><strong>11. Freitag<\/strong> <strong>9:00 Liturgie der Vorgeweihten Gaben, abgehalten v. Erzbischof Tichon<\/strong><\/p>\n\n\n\n<p><strong>18:00<\/strong> <strong>Sakrament der \u00d6lsalbung&nbsp;<\/strong><\/p>\n\n\n\n<p><strong><\/strong>(Registrierung im Kerzenkiosk bzw. auf Homepage der ROK erforderlich)<\/p>\n\n\n\n<p><strong>12. Sonnabend<\/strong><strong> <\/strong><strong>9:00 <\/strong>G\u00f6ttliche Liturgie, Panichida in der Holzkapelle&nbsp;<\/p>\n\n\n\n<p><strong>10:00<\/strong> G\u00f6ttliche Liturgie&nbsp; Panichida&nbsp; &nbsp; &nbsp; &nbsp; &nbsp; &nbsp; &nbsp; <strong>17:00<\/strong> Nachtwache<\/p>\n\n\n\n<p><strong>13. Sonntag<\/strong><strong> <\/strong><strong>7:30 <\/strong>Fr\u00fchliturgie <strong>10:00 <\/strong>G\u00f6ttliche Liturgie&nbsp; <strong>Feier der Orthodoxie<\/strong><\/p>\n\n\n\n<p><strong>16. Mittwoch<\/strong><strong> <\/strong><strong>9:30<\/strong> Liturgie der Vorgeweihten Gaben &nbsp; &nbsp; &nbsp; &nbsp; <strong>17:00<\/strong> Akafist der Leiden Christi<\/p>\n\n\n\n<p><strong>18<\/strong><strong>. <\/strong><strong>Freitag<\/strong> &nbsp; &nbsp; &nbsp; &nbsp; &nbsp; <strong>&nbsp; <\/strong><strong>15:30<\/strong> Liturgie der Vorgeweihten Gaben <strong>18:00<\/strong> <strong>Sakrament der \u00d6lsalbung<\/strong><\/p>\n\n\n\n<p><strong><\/strong>(Registrierung im Kerzenkiosk bzw. auf Homepage der ROK erforderlich)<\/p>\n\n\n\n<p><strong>19. Sonnabend<\/strong><strong> &nbsp; &nbsp; &nbsp; &nbsp; &nbsp; <\/strong><strong>10:00 <\/strong>G\u00f6ttliche Liturgie Panichida &nbsp; &nbsp; &nbsp; &nbsp; <strong>17:00<\/strong> Nachtwache&nbsp;<\/p>\n\n\n\n<p><strong>20. Sonntag<\/strong><strong> <\/strong><strong>7:30 <\/strong>Fr\u00fchliturgie <strong>10:00<\/strong> Sp\u00e4tliturgie<\/p>\n\n\n\n<p><strong>22. Dienstag<\/strong> <strong>09:30<\/strong> Liturgie der Vorgeweihten Gaben <strong>40 M\u00e4rtyrer von Sebaste &nbsp;<\/strong><\/p>\n\n\n\n<p><strong>23. Mittwoch<\/strong><strong> &nbsp; &nbsp; &nbsp; &nbsp; &nbsp; &nbsp; <\/strong><strong>09:30<\/strong> Liturgie der Vorgeweihten Gaben &nbsp; &nbsp; <strong>17:00<\/strong> Akafist der Leiden Christi<\/p>\n\n\n\n<p><strong>24. Donnerstag<\/strong><strong> <\/strong><strong>19:00<\/strong> <strong>Online- Gespr\u00e4ch in deutscher Sprache<\/strong><\/p>\n\n\n\n<p><strong>25. Freitag<\/strong> &nbsp; &nbsp; &nbsp; &nbsp; &nbsp; &nbsp; <strong>15:30<\/strong> Liturgie der Vorgeweihten Gaben <strong>18:00<\/strong> <strong>Sakrament der \u00d6lsalbung<\/strong><\/p>\n\n\n\n<p><strong>26. Sonnabend<\/strong> <strong>09:00 <\/strong>G\u00f6ttliche Liturgie, Panichida in der Holzkapelle&nbsp;<\/p>\n\n\n\n<p><strong>09:00<\/strong> G\u00f6ttliche Liturgie&nbsp; Panichida &nbsp; &nbsp; &nbsp; &nbsp; &nbsp; &nbsp; &nbsp; <strong>17:00<\/strong> Nachtwache<\/p>\n\n\n\n<p><strong>27. Sonntag<\/strong> <strong>7:30 <\/strong>Fr\u00fchliturgie <strong>10:00<\/strong> Sp\u00e4tliturgie<\/p>\n\n\n\n<p><strong>30. Mittwoch<\/strong><strong> <\/strong><strong>9:30<\/strong> Liturgie der Vorgeweihten Gaben &nbsp; &nbsp; &nbsp; &nbsp; <strong>17:00<\/strong> Akafist der Leiden Christi<\/p>\n\n\n\n<p>*Mit diesem Sternchen sind die Gottesdienste mit Internet- Direkt\u00fcbertragung gekennzeichnet.<\/p>\n","protected":false},"excerpt":{"rendered":"<p>GOTTESDIENSTE\u00a0 IM\u00a0 M\u00c4RZ 2. Mittwoch&nbsp; &nbsp; &nbsp; &nbsp; &nbsp; &nbsp; 17:00 Akafist zum hl. Johannes von Kronstadt 3. Donnerstag &nbsp; &nbsp; &nbsp; &nbsp; &nbsp; &nbsp; 09:30 G\u00f6ttliche Liturgie 5. Sonnabend 9:00 G\u00f6ttliche Liturgie, Panichida in der Holzkapelle&nbsp; 09:00 G\u00f6ttliche Liturgie&nbsp; Panichida &nbsp; &nbsp; &nbsp; &nbsp; &nbsp; &nbsp; &nbsp; 17:00 Nachtwache&nbsp; 6. Sonntag &nbsp; &nbsp; 07:30 [&hellip;]<\/p>\n","protected":false},"author":5,"featured_media":0,"parent":0,"menu_order":20,"comment_status":"open","ping_status":"open","template":"","meta":[],"acf":[],"_links":{"self":[{"href":"https:\/\/www.hamburg-hram.de\/de\/wp-json\/wp\/v2\/pages\/8"}],"collection":[{"href":"https:\/\/www.hamburg-hram.de\/de\/wp-json\/wp\/v2\/pages"}],"about":[{"href":"https:\/\/www.hamburg-hram.de\/de\/wp-json\/wp\/v2\/types\/page"}],"author":[{"embeddable":true,"href":"https:\/\/www.hamburg-hram.de\/de\/wp-json\/wp\/v2\/users\/5"}],"replies":[{"embeddable":true,"href":"https:\/\/www.hamburg-hram.de\/de\/wp-json\/wp\/v2\/comments?post=8"}],"version-history":[{"count":174,"href":"https:\/\/www.hamburg-hram.de\/de\/wp-json\/wp\/v2\/pages\/8\/revisions"}],"predecessor-version":[{"id":1351,"href":"https:\/\/www.hamburg-hram.de\/de\/wp-json\/wp\/v2\/pages\/8\/revisions\/1351"}],"wp:attachment":[{"href":"https:\/\/www.hamburg-hram.de\/de\/wp-json\/wp\/v2\/media?parent=8"}],"curies":[{"name":"wp","href":"https:\/\/api.w.org\/{rel}","templated":true}]}}