{"id":742,"date":"2007-03-24T01:11:09","date_gmt":"2007-03-23T23:11:09","guid":{"rendered":"http:\/\/hamburg-hram.de\/de\/impressum\/"},"modified":"2018-05-28T12:36:29","modified_gmt":"2018-05-28T10:36:29","slug":"impressum","status":"publish","type":"page","link":"https:\/\/www.hamburg-hram.de\/de\/impressum","title":{"rendered":"Impressum"},"content":{"rendered":"<p>Angaben gem\u00e4\u00df \u00a7 5 TMG:<\/p>\n<p>Priester Sergij Baburin<br \/>\nRussische Orthodoxe Kirchengemeinde Hl. Johannes von Kronstadt e.V.\/Moskauer Patriarchat<br \/>\nTschaikowskyplatz\u00a02<br \/>\n20355 Hamburg<\/p>\n<h2>Kontakt:<\/h2>\n<p>Russische Orthodoxe Kirchengemeinde Hl. Johannes von Kronstadt e.V.\/Moskauer Patriarchat<br \/>\nTschaikowskyplatz\u00a02<br \/>\n20355 Hamburg<\/p>\n<table>\n<tbody>\n<tr>\n<td>Telefon:<\/td>\n<td>+49 (0) 40 248 707 40<\/td>\n<\/tr>\n<tr>\n<td>Telefax:<\/td>\n<td>+49 (0) 40 67 30 66 27<\/td>\n<\/tr>\n<tr>\n<td>E-Mail:<\/td>\n<td>site@hamburg-hram.de<\/td>\n<\/tr>\n<\/tbody>\n<\/table>\n<h2><\/h2>\n<h2>Verantwortlich f\u00fcr den Inhalt nach \u00a7 55 Abs. 2 RStV:<\/h2>\n<p>Elena Khomyak<\/p>\n<p>Russische Orthodoxe Kirchengemeinde Hl. Johannes von Kronstadt e.V.\/Moskauer Patriarchat<br \/>\nTschaikowskyplatz\u00a02<br \/>\n20355 Hamburg<\/p>\n<p>Quelle:\u00a0<em>Impressum von\u00a0<a href=\"http:\/\/www.e-recht24.de\/\" target=\"_blank\" rel=\"noopener\">e-recht24.de<\/a>\u00a0erzeugt.<\/em><\/p>\n<h2>Haftungsausschluss:<\/h2>\n<p><strong>Haftung f\u00fcr Inhalte<\/strong><\/p>\n<p>Die Inhalte unserer Seiten wurden mit gr\u00f6\u00dfter Sorgfalt erstellt.<br \/>\nF\u00fcr die Richtigkeit, Vollst\u00e4ndigkeit und Aktualit\u00e4t der Inhalte<br \/>\nk\u00f6nnen wir jedoch keine Gew\u00e4hr \u00fcbernehmen. Als Diensteanbieter sind wir gem\u00e4\u00df \u00a7 7 Abs.1 TMG f\u00fcr<br \/>\neigene Inhalte auf diesen Seiten nach den allgemeinen Gesetzen verantwortlich.<br \/>\nNach \u00a7\u00a7 8 bis 10 TMG sind wir als Diensteanbieter jedoch nicht<br \/>\nverpflichtet, \u00fcbermittelte oder gespeicherte fremde Informationen zu<br \/>\n\u00fcberwachen oder nach Umst\u00e4nden zu forschen, die auf eine rechtswidrige<br \/>\nT\u00e4tigkeit hinweisen. Verpflichtungen zur Entfernung oder Sperrung der<br \/>\nNutzung von Informationen nach den allgemeinen Gesetzen bleiben hiervon<br \/>\nunber\u00fchrt. Eine diesbez\u00fcgliche Haftung ist jedoch erst ab dem<br \/>\nZeitpunkt der Kenntnis einer konkreten Rechtsverletzung m\u00f6glich. Bei<br \/>\nBekanntwerden von entsprechenden Rechtsverletzungen werden wir diese Inhalte<br \/>\numgehend entfernen.<\/p>\n<p><strong>Haftung f\u00fcr Links<\/strong><\/p>\n<p>Unser Angebot enth\u00e4lt Links zu externen Webseiten Dritter, auf deren<br \/>\nInhalte wir keinen Einfluss haben. Deshalb k\u00f6nnen wir f\u00fcr diese<br \/>\nfremden Inhalte auch keine Gew\u00e4hr \u00fcbernehmen. F\u00fcr die Inhalte<br \/>\nder verlinkten Seiten ist stets der jeweilige Anbieter oder Betreiber der<br \/>\nSeiten verantwortlich. Die verlinkten Seiten wurden zum Zeitpunkt der Verlinkung<br \/>\nauf m\u00f6gliche Rechtsverst\u00f6\u00dfe \u00fcberpr\u00fcft. Rechtswidrige<br \/>\nInhalte waren zum Zeitpunkt der Verlinkung nicht erkennbar. Eine permanente<br \/>\ninhaltliche Kontrolle der verlinkten Seiten ist jedoch ohne konkrete Anhaltspunkte<br \/>\neiner Rechtsverletzung nicht zumutbar. Bei Bekanntwerden von Rechtsverletzungen<br \/>\nwerden wir derartige Links umgehend entfernen.<\/p>\n<p><strong>Urheberrecht<\/strong><\/p>\n<p>Die durch die Seitenbetreiber erstellten Inhalte und Werke auf diesen Seiten<br \/>\nunterliegen dem deutschen Urheberrecht. Die Vervielf\u00e4ltigung, Bearbeitung, Verbreitung und<br \/>\njede Art der Verwertung au\u00dferhalb der Grenzen des Urheberrechtes bed\u00fcrfen<br \/>\nder schriftlichen Zustimmung des jeweiligen Autors bzw. Erstellers. Downloads<br \/>\nund Kopien dieser Seite sind nur f\u00fcr den privaten, nicht kommerziellen<br \/>\nGebrauch gestattet. Soweit die Inhalte auf dieser Seite nicht vom Betreiber erstellt wurden,<br \/>\nwerden die Urheberrechte Dritter beachtet. Insbesondere werden Inhalte Dritter als solche<br \/>\ngekennzeichnet. Sollten Sie trotzdem auf eine Urheberrechtsverletzung aufmerksam werden, bitten wir um einen entsprechenden Hinweis.<br \/>\nBei Bekanntwerden von Rechtsverletzungen werden wir derartige Inhalte umgehend entfernen.<\/p>\n<p>&nbsp;<\/p>\n<p><a href=\"\/de\/datenschutzerklaerung\">Datenschutzerkl\u00e4rung<\/a><\/p>\n","protected":false},"excerpt":{"rendered":"<p>Angaben gem\u00e4\u00df \u00a7 5 TMG: Priester Sergij Baburin Russische Orthodoxe Kirchengemeinde Hl. Johannes von Kronstadt e.V.\/Moskauer Patriarchat Tschaikowskyplatz\u00a02 20355 Hamburg Kontakt: Russische Orthodoxe Kirchengemeinde Hl. Johannes von Kronstadt e.V.\/Moskauer Patriarchat Tschaikowskyplatz\u00a02 20355 Hamburg Telefon: +49 (0) 40 248 707 40 Telefax: +49 (0) 40 67 30 66 27 E-Mail: site@hamburg-hram.de Verantwortlich f\u00fcr den Inhalt nach [&hellip;]<\/p>\n","protected":false},"author":5,"featured_media":0,"parent":0,"menu_order":200,"comment_status":"closed","ping_status":"open","template":"","meta":[],"acf":[],"_links":{"self":[{"href":"https:\/\/www.hamburg-hram.de\/de\/wp-json\/wp\/v2\/pages\/742"}],"collection":[{"href":"https:\/\/www.hamburg-hram.de\/de\/wp-json\/wp\/v2\/pages"}],"about":[{"href":"https:\/\/www.hamburg-hram.de\/de\/wp-json\/wp\/v2\/types\/page"}],"author":[{"embeddable":true,"href":"https:\/\/www.hamburg-hram.de\/de\/wp-json\/wp\/v2\/users\/5"}],"replies":[{"embeddable":true,"href":"https:\/\/www.hamburg-hram.de\/de\/wp-json\/wp\/v2\/comments?post=742"}],"version-history":[{"count":3,"href":"https:\/\/www.hamburg-hram.de\/de\/wp-json\/wp\/v2\/pages\/742\/revisions"}],"predecessor-version":[{"id":1062,"href":"https:\/\/www.hamburg-hram.de\/de\/wp-json\/wp\/v2\/pages\/742\/revisions\/1062"}],"wp:attachment":[{"href":"https:\/\/www.hamburg-hram.de\/de\/wp-json\/wp\/v2\/media?parent=742"}],"curies":[{"name":"wp","href":"https:\/\/api.w.org\/{rel}","templated":true}]}}